{"id":111,"date":"2024-03-11T15:02:42","date_gmt":"2024-03-11T15:02:42","guid":{"rendered":"https:\/\/musictogetherbyana.com\/?page_id=111"},"modified":"2024-03-30T10:20:30","modified_gmt":"2024-03-30T10:20:30","slug":"program","status":"publish","type":"page","link":"https:\/\/www.musictogetherbyana.com\/en\/program\/","title":{"rendered":"Program"},"content":{"rendered":"<div class=\"wp-block-group page-group pg-teal-dark\"><div class=\"wp-block-group__inner-container is-layout-constrained wp-block-group-is-layout-constrained\">\n<p>Music Together<sup>\u00ae<\/sup> je program koji je milijunima djece, roditelja i u\u010ditelja diljem svijeta predstavio radosti stvaranja glazbe u obitelji i mo\u0107nim benefitima koje glazba donosi u njihove \u017eivote. Danas radionice za djecu od ro\u0111enja do pet godina mo\u017eete prona\u0107i diljem svijeta.<\/p>\n\n\n\n<p>Od ro\u0111enja do rane osnovne \u0161kole, Music Together njeguje uro\u0111enu muzikalnost svakog djeteta u zaigranom, glazbeno bogatom okru\u017eenju. Na\u0161i glazbeni satovi, temeljeni na znanstvenim istra\u017eivanjima, osmi\u0161ljeni su da budu neformalni, &nbsp;\u0161to zna\u010di da nisu usmjereni na ostvarivanje ciljeva i krajnju izvedbu. Tako svako dijete mo\u017ee u\u010diti u vlatitom ritmu na na\u010din koji je prikladan razvoju va\u0161eg djeteta.<\/p>\n\n\n\n<p>Upisivanjem u Music Together dje\u010dji glazbeni program do\u017eivjet \u0107ete cijeli semestar satova koje vodi obu\u010dena u\u010diteljica s bogatim iskustvom u glazbenoj edukaciji. Nau\u010dit \u0107ete nove pjesme i glazbene aktivnosti koje \u0107e vas nadahnuti da glazbu unesete u svakodnevni \u017eivot svoje obitelji.<\/p>\n\n\n<div class=\"wp-block-image img-friend if-right\">\n<figure class=\"aligncenter size-large is-resized\"><img loading=\"lazy\" decoding=\"async\" width=\"1024\" height=\"1024\" src=\"https:\/\/www.musictogetherbyana.com\/wp-content\/uploads\/2024\/03\/MT-Friends-Group-04_WHITE-1024x1024.png\" alt=\"\" class=\"wp-image-1200\" style=\"width:300px\" srcset=\"https:\/\/www.musictogetherbyana.com\/wp-content\/uploads\/2024\/03\/MT-Friends-Group-04_WHITE-1024x1024.png 1024w, https:\/\/www.musictogetherbyana.com\/wp-content\/uploads\/2024\/03\/MT-Friends-Group-04_WHITE-300x300.png 300w, https:\/\/www.musictogetherbyana.com\/wp-content\/uploads\/2024\/03\/MT-Friends-Group-04_WHITE-150x150.png 150w, https:\/\/www.musictogetherbyana.com\/wp-content\/uploads\/2024\/03\/MT-Friends-Group-04_WHITE-768x768.png 768w, https:\/\/www.musictogetherbyana.com\/wp-content\/uploads\/2024\/03\/MT-Friends-Group-04_WHITE-12x12.png 12w, https:\/\/www.musictogetherbyana.com\/wp-content\/uploads\/2024\/03\/MT-Friends-Group-04_WHITE-75x75.png 75w, https:\/\/www.musictogetherbyana.com\/wp-content\/uploads\/2024\/03\/MT-Friends-Group-04_WHITE.png 1080w\" sizes=\"(max-width: 1024px) 100vw, 1024px\" \/><\/figure><\/div><\/div><\/div>\n\n\n\n<div class=\"wp-block-group page-group pg-purple-medium\"><div class=\"wp-block-group__inner-container is-layout-constrained wp-block-group-is-layout-constrained\">\n<h2 class=\"wp-block-heading\">Pou\u010davamo na na\u010din na koji djeca u\u010de<\/h2>\n\n\n\n<p>U Music Together<sup>\u00ae<\/sup>-u, svjesni smo da djeca u\u010de na druga\u010diji na\u010din od odraslih. U\u010de instinktivno i stalno, u\u010de samostalno kroz imitaciju i igru, kroz uranjanje u svoje okru\u017eenje i interakciju s odraslima i starijom djecom. Obiteljsko okru\u017eenje u razredu Music Together stvara idealno okru\u017eenje za u\u010denje. Sve je utemeljeno na istra\u017eivanjima razvoja glazbe u ranom djetinjstvu. Saznajte vi\u0161e o istra\u017eivanjima iza programa Music Together na web stranici <a href=\"https:\/\/www.musictogether.com\/\" target=\"_blank\" rel=\"noopener\" title=\"\">https:\/\/www.musictogether.com\/<\/a><\/p>\n\n\n<div class=\"wp-block-image img-friend if-left\">\n<figure class=\"aligncenter size-large is-resized\"><img loading=\"lazy\" decoding=\"async\" width=\"1024\" height=\"561\" src=\"https:\/\/www.musictogetherbyana.com\/wp-content\/uploads\/2024\/03\/MT-Friends-Group-06_WHITE-1024x561.png\" alt=\"\" class=\"wp-image-1204\" style=\"width:300px\" srcset=\"https:\/\/www.musictogetherbyana.com\/wp-content\/uploads\/2024\/03\/MT-Friends-Group-06_WHITE-1024x561.png 1024w, https:\/\/www.musictogetherbyana.com\/wp-content\/uploads\/2024\/03\/MT-Friends-Group-06_WHITE-300x164.png 300w, https:\/\/www.musictogetherbyana.com\/wp-content\/uploads\/2024\/03\/MT-Friends-Group-06_WHITE-768x421.png 768w, https:\/\/www.musictogetherbyana.com\/wp-content\/uploads\/2024\/03\/MT-Friends-Group-06_WHITE-18x10.png 18w, https:\/\/www.musictogetherbyana.com\/wp-content\/uploads\/2024\/03\/MT-Friends-Group-06_WHITE.png 1080w\" sizes=\"(max-width: 1024px) 100vw, 1024px\" \/><\/figure><\/div><\/div><\/div>\n\n\n\n<div class=\"wp-block-group page-group pg-purple\"><div class=\"wp-block-group__inner-container is-layout-constrained wp-block-group-is-layout-constrained\">\n<h2 class=\"wp-block-heading\">Va\u0161a uloga je najva\u017enija<\/h2>\n\n\n\n<p>Vi ste trenutno najva\u017eniji u\u010ditelj va\u0161em djetetu! Mala djeca u\u010de kroz igru i eksperimentiranje te gledaju\u0107i i slu\u0161aju\u0107i odrasle osobe koje vole. Postavljanje primjera entuzijasti\u010dnim sudjelovanjem u glazbenim aktivnostima najbolja je stvar koju roditelj ili skrbnik mogu u\u010diniti kako bi svoje dijete usmjerili prema cjelo\u017eivotnoj ljubavi prema glazbi. Roditelji ne moraju imati glazbene vje\u0161tine &#8211; samo trebaju \u017eelju za igrom i zabavom sa svojom djecom! U\u010ditelji Music Together<sup>\u00ae<\/sup> programa posebno su obu\u010deni za stvaranje sigurne atmosfere tako da se mo\u017eete radosno pridru\u017eiti, eksperimentirati i zezati &#8211; i osje\u0107ati se bli\u017ee svom djetetu dok to radite.<\/p>\n\n\n<div class=\"wp-block-image img-friend if-right\">\n<figure class=\"aligncenter size-large is-resized\"><img loading=\"lazy\" decoding=\"async\" width=\"1024\" height=\"1024\" src=\"https:\/\/www.musictogetherbyana.com\/wp-content\/uploads\/2024\/03\/MT-Friends-Group-03_WHITE-1024x1024.png\" alt=\"\" class=\"wp-image-1198\" style=\"width:300px\" srcset=\"https:\/\/www.musictogetherbyana.com\/wp-content\/uploads\/2024\/03\/MT-Friends-Group-03_WHITE-1024x1024.png 1024w, https:\/\/www.musictogetherbyana.com\/wp-content\/uploads\/2024\/03\/MT-Friends-Group-03_WHITE-300x300.png 300w, https:\/\/www.musictogetherbyana.com\/wp-content\/uploads\/2024\/03\/MT-Friends-Group-03_WHITE-150x150.png 150w, https:\/\/www.musictogetherbyana.com\/wp-content\/uploads\/2024\/03\/MT-Friends-Group-03_WHITE-768x768.png 768w, https:\/\/www.musictogetherbyana.com\/wp-content\/uploads\/2024\/03\/MT-Friends-Group-03_WHITE-12x12.png 12w, https:\/\/www.musictogetherbyana.com\/wp-content\/uploads\/2024\/03\/MT-Friends-Group-03_WHITE-75x75.png 75w, https:\/\/www.musictogetherbyana.com\/wp-content\/uploads\/2024\/03\/MT-Friends-Group-03_WHITE.png 1080w\" sizes=\"(max-width: 1024px) 100vw, 1024px\" \/><\/figure><\/div><\/div><\/div>\n\n\n\n<div class=\"wp-block-group page-group pg-red-medium\"><div class=\"wp-block-group__inner-container is-layout-constrained wp-block-group-is-layout-constrained\">\n<h2 class=\"wp-block-heading\">Glazbeno u\u010denje podupire svako u\u010denje<sup>\u00ae<\/sup><\/h2>\n\n\n\n<p>Okretanje, pjevanje i smijeh s va\u0161im djetetom toliko su zabavni da je lako zaboraviti kako se proces u\u010denja ve\u0107 odvija! Na\u0161 istra\u017eiva\u010dki utemeljen nastavni program, ne samo da razvija glazbene vje\u0161tine, ve\u0107 njeguje kreativnost, samoizra\u017eavanje i samopouzdanje dok istovremeno podupire socijalni, emocionalni, kognitivni i fizi\u010dki razvoj. Budu\u0107i da se ovi benefiti grade tijekom vremena te djeca u potpunosti u\u017eivaju u rastu na svakom od navedenih podru\u010dja, preporu\u010da se da budu izlo\u017eena kontinuiranom programu du\u017ee vremena, barem do polaska u \u0161kolu, a ako je mogu\u0107e, \u010dak i do 3. razreda osnovne \u0161kole.<\/p>\n\n\n<div class=\"wp-block-image img-friend if-left\">\n<figure class=\"aligncenter size-large is-resized\"><img loading=\"lazy\" decoding=\"async\" width=\"1024\" height=\"761\" src=\"https:\/\/www.musictogetherbyana.com\/wp-content\/uploads\/2024\/03\/Friend-Flourish-04_WHITE-screen-1-1024x761.png\" alt=\"\" class=\"wp-image-1188\" style=\"width:300px\" srcset=\"https:\/\/www.musictogetherbyana.com\/wp-content\/uploads\/2024\/03\/Friend-Flourish-04_WHITE-screen-1-1024x761.png 1024w, https:\/\/www.musictogetherbyana.com\/wp-content\/uploads\/2024\/03\/Friend-Flourish-04_WHITE-screen-1-300x223.png 300w, https:\/\/www.musictogetherbyana.com\/wp-content\/uploads\/2024\/03\/Friend-Flourish-04_WHITE-screen-1-768x570.png 768w, https:\/\/www.musictogetherbyana.com\/wp-content\/uploads\/2024\/03\/Friend-Flourish-04_WHITE-screen-1-16x12.png 16w, https:\/\/www.musictogetherbyana.com\/wp-content\/uploads\/2024\/03\/Friend-Flourish-04_WHITE-screen-1.png 1081w\" sizes=\"(max-width: 1024px) 100vw, 1024px\" \/><\/figure><\/div><\/div><\/div>\n\n\n\n<div class=\"wp-block-group page-group pg-red\"><div class=\"wp-block-group__inner-container is-layout-constrained wp-block-group-is-layout-constrained\">\n<h2 class=\"wp-block-heading\">O glazbenom dijelu programa<\/h2>\n\n\n\n<p>Kurikulum programa Music Together<sup>\u00ae<\/sup> obuhva\u0107a nagra\u0111ivanu mje\u0161avinu originalnih pjesama i tradicionalnih melodija iz razli\u010ditih glazbenih stilova, uklju\u010duju\u0107i folk, blues, jazz i glazbu iz cijelog svijeta. Glazba je prilago\u0111ena dje\u010djim glasovima, a aran\u017emani su zabavni, sofisticirani i zabavni djeci, ali i odraslima!<\/p>\n\n\n\n<p>Pjesme iz programa Music Together su organizirane u devet zbirki od dvadeset i pet pjesama, pri \u010demu se svake godine podu\u010davaju tri zbirke. Va\u0161a obitelj je dobrodo\u0161la da nam se pridru\u017ei u bilo koje vrijeme i nastavi tijekom tri godine &#8211; i vi\u0161e. Mnoge obitelji se vra\u0107aju i ponovno do\u017eivljavaju zbirke kako njihova djeca navr\u0161e tri ili \u010detiri godine Music Together programa. Budu\u0107i da je u\u010denje glazbe kumulativno, va\u0161a \u0107e djeca do\u017eivjeti benefite u razvoju koje se grade tijekom vremena. Zbog toga poti\u010demo njihovo sudjelovanje u programu Music Together \u0161to je vi\u0161e mogu\u0107e, od najranije dobi pa sve do 3. razreda osnovne \u0161kole.<\/p>\n\n\n<div class=\"wp-block-image img-friend if-right\">\n<figure class=\"aligncenter size-large is-resized\"><img loading=\"lazy\" decoding=\"async\" width=\"1024\" height=\"1024\" src=\"https:\/\/www.musictogetherbyana.com\/wp-content\/uploads\/2024\/03\/MT-Friends-Group-02_WHITE-1024x1024.png\" alt=\"\" class=\"wp-image-1196\" style=\"width:300px\" title=\"img-friend if-left\" srcset=\"https:\/\/www.musictogetherbyana.com\/wp-content\/uploads\/2024\/03\/MT-Friends-Group-02_WHITE-1024x1024.png 1024w, https:\/\/www.musictogetherbyana.com\/wp-content\/uploads\/2024\/03\/MT-Friends-Group-02_WHITE-300x300.png 300w, https:\/\/www.musictogetherbyana.com\/wp-content\/uploads\/2024\/03\/MT-Friends-Group-02_WHITE-150x150.png 150w, https:\/\/www.musictogetherbyana.com\/wp-content\/uploads\/2024\/03\/MT-Friends-Group-02_WHITE-768x768.png 768w, https:\/\/www.musictogetherbyana.com\/wp-content\/uploads\/2024\/03\/MT-Friends-Group-02_WHITE-12x12.png 12w, https:\/\/www.musictogetherbyana.com\/wp-content\/uploads\/2024\/03\/MT-Friends-Group-02_WHITE-75x75.png 75w, https:\/\/www.musictogetherbyana.com\/wp-content\/uploads\/2024\/03\/MT-Friends-Group-02_WHITE.png 1080w\" sizes=\"(max-width: 1024px) 100vw, 1024px\" \/><\/figure><\/div><\/div><\/div>","protected":false},"excerpt":{"rendered":"<p>Music Together\u00ae je program koji je milijunima djece, roditelja i u\u010ditelja diljem svijeta predstavio radosti stvaranja glazbe u obitelji i mo\u0107nim benefitima koje glazba donosi u njihove \u017eivote. Danas radionice za djecu od ro\u0111enja do pet godina mo\u017eete prona\u0107i diljem svijeta. Od ro\u0111enja do rane osnovne \u0161kole, Music Together njeguje uro\u0111enu muzikalnost svakog djeteta u zaigranom, glazbeno bogatom okru\u017eenju. Na\u0161i glazbeni satovi, temeljeni na znanstvenim istra\u017eivanjima, osmi\u0161ljeni su da budu neformalni, &nbsp;\u0161to zna\u010di da nisu usmjereni na ostvarivanje ciljeva i krajnju izvedbu. Tako svako dijete mo\u017ee u\u010diti u vlatitom ritmu na na\u010din koji je prikladan razvoju va\u0161eg djeteta. Upisivanjem u Music Together dje\u010dji glazbeni program do\u017eivjet \u0107ete cijeli semestar satova koje vodi obu\u010dena u\u010diteljica s bogatim iskustvom u glazbenoj edukaciji. Nau\u010dit \u0107ete nove pjesme i glazbene aktivnosti koje \u0107e vas nadahnuti da glazbu unesete u svakodnevni \u017eivot svoje obitelji. Pou\u010davamo na na\u010din na koji djeca u\u010de U Music Together\u00ae-u, svjesni smo da djeca u\u010de na druga\u010diji na\u010din od odraslih. U\u010de instinktivno i stalno, u\u010de samostalno kroz imitaciju i igru, kroz uranjanje u svoje okru\u017eenje i interakciju s odraslima i starijom djecom. Obiteljsko okru\u017eenje u razredu Music Together stvara idealno okru\u017eenje za u\u010denje. Sve je utemeljeno na istra\u017eivanjima razvoja glazbe u ranom djetinjstvu. Saznajte vi\u0161e o istra\u017eivanjima iza programa Music Together na web stranici https:\/\/www.musictogether.com\/ Va\u0161a uloga je najva\u017enija Vi ste trenutno najva\u017eniji u\u010ditelj va\u0161em djetetu! Mala djeca u\u010de kroz igru i eksperimentiranje te gledaju\u0107i i slu\u0161aju\u0107i odrasle osobe koje vole. Postavljanje primjera entuzijasti\u010dnim sudjelovanjem u glazbenim aktivnostima najbolja je stvar koju roditelj ili skrbnik mogu u\u010diniti kako bi svoje dijete usmjerili prema cjelo\u017eivotnoj ljubavi prema glazbi. Roditelji ne moraju imati glazbene vje\u0161tine &#8211; samo trebaju \u017eelju za igrom i zabavom sa svojom djecom! U\u010ditelji Music Together\u00ae programa posebno su obu\u010deni za stvaranje sigurne atmosfere tako da se mo\u017eete radosno pridru\u017eiti, eksperimentirati i zezati &#8211; i osje\u0107ati se bli\u017ee svom djetetu dok to radite. Glazbeno u\u010denje podupire svako u\u010denje\u00ae Okretanje, pjevanje i smijeh s va\u0161im djetetom toliko su zabavni da je lako zaboraviti kako se proces u\u010denja ve\u0107 odvija! Na\u0161 istra\u017eiva\u010dki utemeljen nastavni program, ne samo da razvija glazbene vje\u0161tine, ve\u0107 njeguje kreativnost, samoizra\u017eavanje i samopouzdanje dok istovremeno podupire socijalni, emocionalni, kognitivni i fizi\u010dki razvoj. Budu\u0107i da se ovi benefiti grade tijekom vremena te djeca u potpunosti u\u017eivaju u rastu na svakom od navedenih podru\u010dja, preporu\u010da se da budu izlo\u017eena kontinuiranom programu du\u017ee vremena, barem do polaska u \u0161kolu, a ako je mogu\u0107e, \u010dak i do 3. razreda osnovne \u0161kole. O glazbenom dijelu programa Kurikulum programa Music Together\u00ae obuhva\u0107a nagra\u0111ivanu mje\u0161avinu originalnih pjesama i tradicionalnih melodija iz razli\u010ditih glazbenih stilova, uklju\u010duju\u0107i folk, blues, jazz i glazbu iz cijelog svijeta. Glazba je prilago\u0111ena dje\u010djim glasovima, a aran\u017emani su zabavni, sofisticirani i zabavni djeci, ali i odraslima! Pjesme iz programa Music Together su organizirane u devet zbirki od dvadeset i pet pjesama, pri \u010demu se svake godine podu\u010davaju tri zbirke. Va\u0161a obitelj je dobrodo\u0161la da nam se pridru\u017ei u bilo koje vrijeme i nastavi tijekom tri godine &#8211; i vi\u0161e. Mnoge obitelji se vra\u0107aju i ponovno do\u017eivljavaju zbirke kako njihova djeca navr\u0161e tri ili \u010detiri godine Music Together programa. Budu\u0107i da je u\u010denje glazbe kumulativno, va\u0161a \u0107e djeca do\u017eivjeti benefite u razvoju koje se grade tijekom vremena. Zbog toga poti\u010demo njihovo sudjelovanje u programu Music Together \u0161to je vi\u0161e mogu\u0107e, od najranije dobi pa sve do 3. razreda osnovne \u0161kole.<\/p>","protected":false},"author":1,"featured_media":0,"parent":0,"menu_order":0,"comment_status":"closed","ping_status":"closed","template":"","meta":{"om_disable_all_campaigns":false,"_monsterinsights_skip_tracking":false,"_monsterinsights_sitenote_active":false,"_monsterinsights_sitenote_note":"","_monsterinsights_sitenote_category":0,"_uf_show_specific_survey":0,"_uf_disable_surveys":false,"footnotes":""},"class_list":["post-111","page","type-page","status-publish","hentry"],"aioseo_notices":[],"acf":[],"_links":{"self":[{"href":"https:\/\/www.musictogetherbyana.com\/en\/wp-json\/wp\/v2\/pages\/111"}],"collection":[{"href":"https:\/\/www.musictogetherbyana.com\/en\/wp-json\/wp\/v2\/pages"}],"about":[{"href":"https:\/\/www.musictogetherbyana.com\/en\/wp-json\/wp\/v2\/types\/page"}],"author":[{"embeddable":true,"href":"https:\/\/www.musictogetherbyana.com\/en\/wp-json\/wp\/v2\/users\/1"}],"replies":[{"embeddable":true,"href":"https:\/\/www.musictogetherbyana.com\/en\/wp-json\/wp\/v2\/comments?post=111"}],"version-history":[{"count":74,"href":"https:\/\/www.musictogetherbyana.com\/en\/wp-json\/wp\/v2\/pages\/111\/revisions"}],"predecessor-version":[{"id":1246,"href":"https:\/\/www.musictogetherbyana.com\/en\/wp-json\/wp\/v2\/pages\/111\/revisions\/1246"}],"wp:attachment":[{"href":"https:\/\/www.musictogetherbyana.com\/en\/wp-json\/wp\/v2\/media?parent=111"}],"curies":[{"name":"wp","href":"https:\/\/api.w.org\/{rel}","templated":true}]}}