{"id":1359,"date":"2024-04-21T18:13:27","date_gmt":"2024-04-21T18:13:27","guid":{"rendered":"https:\/\/www.musictogetherbyana.com\/?page_id=1359"},"modified":"2025-09-10T19:15:51","modified_gmt":"2025-09-10T19:15:51","slug":"cijena","status":"publish","type":"page","link":"https:\/\/www.musictogetherbyana.com\/en\/cijena\/","title":{"rendered":"Cijena"},"content":{"rendered":"<div class=\"wp-block-group page-group pg-white\"><div class=\"wp-block-group__inner-container is-layout-constrained wp-block-group-is-layout-constrained\">\n<h2 class=\"wp-block-heading\">Cijena semestra i pla\u0107anje<\/h2>\n\n\n\n<p>Cijena semestra je <strong>150\u20ac<\/strong> za jednokratno pla\u0107anje, a <strong>160\u20ac<\/strong> za pla\u0107anje u ratama.<\/p>\n\n\n\n<p>Cijena uklju\u010duje:<\/p>\n\n\n\n<ul class=\"wp-block-list\">\n<li><strong>10 sati<\/strong> radionice u trajanju od 45 minuta,<\/li>\n\n\n\n<li><strong>pjesmaricu<\/strong> s pjesmama koje se obra\u0111uju kroz semestar,<\/li>\n\n\n\n<li><strong>priru\u010dnik za roditelje<\/strong> koji sadr\u017ei va\u017ene informacije o ranom glazbenom razvoju djece koje su znanstveno utemeljene,<\/li>\n\n\n\n<li><strong>CD<\/strong> koji sadr\u017ei kolekciju pjesama,<\/li>\n\n\n\n<li>kod za pristup <strong>Music Together<sup>\u00ae<\/sup> aplikaciji<\/strong> i &#8220;Obiteljskoj zoni&#8221; na stranici Music Together worldwide<\/li>\n<\/ul>\n\n\n\n<p>Napomene:<\/p>\n\n\n\n<ul class=\"wp-block-list\">\n<li>Pla\u0107anjem odjednom ostvarujete popust od <strong>10\u20ac<\/strong>.<\/li>\n\n\n\n<li>Pla\u0107anje u tri rate (I. rata pri upisu, II. rata prije 5. sata i III. rata prije 8. sata).<\/li>\n\n\n\n<li>Pri upisu pla\u0107ate nepovratan iznos od 50\u20ac (uklju\u010deno u ukupnu cijenu), \u010dime si osiguravate mjesto i materijale.<\/li>\n\n\n\n<li>Ukoliko odustanete prije po\u010detka prvog sata, vra\u0107a vam se upla\u0107en iznos, umanjen za 50\u20ac.<\/li>\n\n\n\n<li>Ukoliko odustanete nakon prvog sata, povrat dijela novca mogu\u0107 je isklju\u010divo u slu\u010daju nepredvidivih zdravstvenih i obiteljskih situacija.<\/li>\n<\/ul>\n\n\n<div class=\"wp-block-image img-friend if-right\">\n<figure class=\"aligncenter size-large is-resized\"><img loading=\"lazy\" decoding=\"async\" width=\"1024\" height=\"1024\" src=\"https:\/\/www.musictogetherbyana.com\/wp-content\/uploads\/2024\/03\/MT-Friends-Group-04_PURPLE-1024x1024.png\" alt=\"\" class=\"wp-image-1199\" style=\"width:300px\" srcset=\"https:\/\/www.musictogetherbyana.com\/wp-content\/uploads\/2024\/03\/MT-Friends-Group-04_PURPLE-1024x1024.png 1024w, https:\/\/www.musictogetherbyana.com\/wp-content\/uploads\/2024\/03\/MT-Friends-Group-04_PURPLE-300x300.png 300w, https:\/\/www.musictogetherbyana.com\/wp-content\/uploads\/2024\/03\/MT-Friends-Group-04_PURPLE-150x150.png 150w, https:\/\/www.musictogetherbyana.com\/wp-content\/uploads\/2024\/03\/MT-Friends-Group-04_PURPLE-768x768.png 768w, https:\/\/www.musictogetherbyana.com\/wp-content\/uploads\/2024\/03\/MT-Friends-Group-04_PURPLE-12x12.png 12w, https:\/\/www.musictogetherbyana.com\/wp-content\/uploads\/2024\/03\/MT-Friends-Group-04_PURPLE-75x75.png 75w, https:\/\/www.musictogetherbyana.com\/wp-content\/uploads\/2024\/03\/MT-Friends-Group-04_PURPLE.png 1080w\" sizes=\"(max-width: 1024px) 100vw, 1024px\" \/><\/figure><\/div><\/div><\/div>\n\n\n\n<div class=\"wp-block-group page-group pg-red\"><div class=\"wp-block-group__inner-container is-layout-constrained wp-block-group-is-layout-constrained\">\n<h2 class=\"wp-block-heading\">Nadoknada<\/h2>\n\n\n\n<p>Nadoknaditi mo\u017eete 2 propu\u0161tena sata tijekom ciklusa ukoliko dan prije najavite svoj izostanak ili, u slu\u010daju nepredvidive situacije, tri sata prije odr\u017eavanja radionice.<\/p>\n\n\n\n<p>Nadoknade nisu prenosive na slijede\u0107i ciklus niti na drugo dijete.<\/p>\n\n\n<div class=\"wp-block-image img-friend if-left\">\n<figure class=\"aligncenter size-large is-resized\"><img loading=\"lazy\" decoding=\"async\" width=\"1024\" height=\"1024\" src=\"https:\/\/www.musictogetherbyana.com\/wp-content\/uploads\/2024\/03\/MT-Friends-Group-03_WHITE-1024x1024.png\" alt=\"\" class=\"wp-image-1198\" style=\"width:300px\" srcset=\"https:\/\/www.musictogetherbyana.com\/wp-content\/uploads\/2024\/03\/MT-Friends-Group-03_WHITE-1024x1024.png 1024w, https:\/\/www.musictogetherbyana.com\/wp-content\/uploads\/2024\/03\/MT-Friends-Group-03_WHITE-300x300.png 300w, https:\/\/www.musictogetherbyana.com\/wp-content\/uploads\/2024\/03\/MT-Friends-Group-03_WHITE-150x150.png 150w, https:\/\/www.musictogetherbyana.com\/wp-content\/uploads\/2024\/03\/MT-Friends-Group-03_WHITE-768x768.png 768w, https:\/\/www.musictogetherbyana.com\/wp-content\/uploads\/2024\/03\/MT-Friends-Group-03_WHITE-12x12.png 12w, https:\/\/www.musictogetherbyana.com\/wp-content\/uploads\/2024\/03\/MT-Friends-Group-03_WHITE-75x75.png 75w, https:\/\/www.musictogetherbyana.com\/wp-content\/uploads\/2024\/03\/MT-Friends-Group-03_WHITE.png 1080w\" sizes=\"(max-width: 1024px) 100vw, 1024px\" \/><\/figure><\/div><\/div><\/div>\n\n\n\n<div class=\"wp-block-group page-group pg-white\"><div class=\"wp-block-group__inner-container is-layout-constrained wp-block-group-is-layout-constrained\">\n<h2 class=\"wp-block-heading\">Cijena ljetnog semestra i pla\u0107anje<\/h2>\n\n\n\n<p>Cijena ljetnog semestra je <strong>90\u20ac<\/strong> (\u0161estero satni program) ili <strong>60\u20ac<\/strong> (\u010detvero satni program). Ukoliko isti ciklus upisuje drugo dijete iz iste obitelji, cijena za slijede\u0107e dijete je <strong>20\u20ac<\/strong>. Ukoliko je drugo dijete u pratnji mla\u0111e od 1 godine, program poha\u0111a besplatno.<\/p>\n\n\n\n<p>Cijena uklju\u010duje:<\/p>\n\n\n\n<ul class=\"wp-block-list\">\n<li>6 sati ili 4 sata radionice u trajanju od 45 minuta,<\/li>\n\n\n\n<li>pjesmaricu s pjesmama koje se obra\u0111uju kroz semestar,<\/li>\n\n\n\n<li>priru\u010dnik za roditelje koji sadr\u017ei va\u017ene informacije o ranom glazbenom razvoju djece koje su znanstveno utemeljene,<\/li>\n\n\n\n<li>CD koji sadr\u017ei kolekciju pjesama,<\/li>\n\n\n\n<li>kod za pristup Music Together<sup>\u00ae<\/sup> aplikaciji i &#8220;Obiteljskoj zoni&#8221; na stranici Music Together worldwide<\/li>\n<\/ul>\n\n\n\n<p>Napomene:<\/p>\n\n\n\n<ul class=\"wp-block-list\">\n<li>Pla\u0107anje je mogu\u0107e na dva na\u010dina:\n<ul class=\"wp-block-list\">\n<li>odjednom u iznosu od 90\u20ac, odnosno 60\u20ac za \u010detvero satni program te<\/li>\n\n\n\n<li>u dvije rate u iznosu od 45\u20ac, odnosno 30\u20ac za \u010detvero satni program.<\/li>\n<\/ul>\n<\/li>\n\n\n\n<li>Pri upisu pla\u0107ate nepovratan iznos od 30\u20ac (uklju\u010deno u ukupnu cijenu), \u010dime si osiguravate mjesto i materijale.<\/li>\n\n\n\n<li>Ukoliko odustanete prije po\u010detka prvog sata, vra\u0107a vam se upla\u0107en iznos, umanjen za 30\u20ac.<\/li>\n\n\n\n<li>Ukoliko odustanete nakon prvog sata, povrat dijela novca mogu\u0107 je isklju\u010divo u slu\u010daju nepredvidivih zdravstvenih i obiteljskih situacija.<\/li>\n<\/ul>\n\n\n<div class=\"wp-block-image img-friend if-left\">\n<figure class=\"aligncenter size-full is-resized\"><img loading=\"lazy\" decoding=\"async\" width=\"1080\" height=\"1080\" src=\"https:\/\/www.musictogetherbyana.com\/wp-content\/uploads\/2024\/05\/MT-Friends-Group-01_PURPLE.png\" alt=\"\" class=\"wp-image-1422\" style=\"width:300px\" srcset=\"https:\/\/www.musictogetherbyana.com\/wp-content\/uploads\/2024\/05\/MT-Friends-Group-01_PURPLE.png 1080w, https:\/\/www.musictogetherbyana.com\/wp-content\/uploads\/2024\/05\/MT-Friends-Group-01_PURPLE-300x300.png 300w, https:\/\/www.musictogetherbyana.com\/wp-content\/uploads\/2024\/05\/MT-Friends-Group-01_PURPLE-1024x1024.png 1024w, https:\/\/www.musictogetherbyana.com\/wp-content\/uploads\/2024\/05\/MT-Friends-Group-01_PURPLE-150x150.png 150w, https:\/\/www.musictogetherbyana.com\/wp-content\/uploads\/2024\/05\/MT-Friends-Group-01_PURPLE-768x768.png 768w, https:\/\/www.musictogetherbyana.com\/wp-content\/uploads\/2024\/05\/MT-Friends-Group-01_PURPLE-12x12.png 12w, https:\/\/www.musictogetherbyana.com\/wp-content\/uploads\/2024\/05\/MT-Friends-Group-01_PURPLE-75x75.png 75w\" sizes=\"(max-width: 1080px) 100vw, 1080px\" \/><\/figure><\/div><\/div><\/div>","protected":false},"excerpt":{"rendered":"<p>Cijena semestra i pla\u0107anje Cijena semestra je 150\u20ac za jednokratno pla\u0107anje, a 160\u20ac za pla\u0107anje u ratama. Cijena uklju\u010duje: Napomene: Nadoknada Nadoknaditi mo\u017eete 2 propu\u0161tena sata tijekom ciklusa ukoliko dan prije najavite svoj izostanak ili, u slu\u010daju nepredvidive situacije, tri sata prije odr\u017eavanja radionice. Nadoknade nisu prenosive na slijede\u0107i ciklus niti na drugo dijete. Cijena ljetnog semestra i pla\u0107anje Cijena ljetnog semestra je 90\u20ac (\u0161estero satni program) ili 60\u20ac (\u010detvero satni program). Ukoliko isti ciklus upisuje drugo dijete iz iste obitelji, cijena za slijede\u0107e dijete je 20\u20ac. Ukoliko je drugo dijete u pratnji mla\u0111e od 1 godine, program poha\u0111a besplatno. Cijena uklju\u010duje: Napomene:<\/p>","protected":false},"author":1,"featured_media":0,"parent":0,"menu_order":0,"comment_status":"closed","ping_status":"closed","template":"","meta":{"om_disable_all_campaigns":false,"_monsterinsights_skip_tracking":false,"_monsterinsights_sitenote_active":false,"_monsterinsights_sitenote_note":"","_monsterinsights_sitenote_category":0,"_uf_show_specific_survey":0,"_uf_disable_surveys":false,"footnotes":""},"class_list":["post-1359","page","type-page","status-publish","hentry"],"aioseo_notices":[],"acf":[],"_links":{"self":[{"href":"https:\/\/www.musictogetherbyana.com\/en\/wp-json\/wp\/v2\/pages\/1359"}],"collection":[{"href":"https:\/\/www.musictogetherbyana.com\/en\/wp-json\/wp\/v2\/pages"}],"about":[{"href":"https:\/\/www.musictogetherbyana.com\/en\/wp-json\/wp\/v2\/types\/page"}],"author":[{"embeddable":true,"href":"https:\/\/www.musictogetherbyana.com\/en\/wp-json\/wp\/v2\/users\/1"}],"replies":[{"embeddable":true,"href":"https:\/\/www.musictogetherbyana.com\/en\/wp-json\/wp\/v2\/comments?post=1359"}],"version-history":[{"count":27,"href":"https:\/\/www.musictogetherbyana.com\/en\/wp-json\/wp\/v2\/pages\/1359\/revisions"}],"predecessor-version":[{"id":1705,"href":"https:\/\/www.musictogetherbyana.com\/en\/wp-json\/wp\/v2\/pages\/1359\/revisions\/1705"}],"wp:attachment":[{"href":"https:\/\/www.musictogetherbyana.com\/en\/wp-json\/wp\/v2\/media?parent=1359"}],"curies":[{"name":"wp","href":"https:\/\/api.w.org\/{rel}","templated":true}]}}