{"id":743,"date":"2024-03-25T00:22:40","date_gmt":"2024-03-25T00:22:40","guid":{"rendered":"https:\/\/www.musictogetherbyana.com\/?page_id=743"},"modified":"2024-04-21T18:15:11","modified_gmt":"2024-04-21T18:15:11","slug":"radionice","status":"publish","type":"page","link":"https:\/\/www.musictogetherbyana.com\/en\/radionice\/","title":{"rendered":"Radionice"},"content":{"rendered":"<div class=\"wp-block-group page-group pg-teal-dark\"><div class=\"wp-block-group__inner-container is-layout-constrained wp-block-group-is-layout-constrained\">\n<h2 class=\"wp-block-heading\">Music Together<sup>\u00ae<\/sup> radionice<\/h2>\n\n\n\n<p>Djeca svih dobnih skupina, od beba do pred\u0161kolaraca, vole Music Together<sup>\u00ae<\/sup>! Na\u0161e glazbene radionice podr\u017eavaju svako dijete, bez obzira na njihov stil u\u010denja ili stadij razvoja. Svaka uklju\u010duje mnogo glazbenih aktivnosti, posebno stvorenih i dobno prilago\u0111enih maloj djeci.<\/p>\n\n\n\n<p>Program Music Together nije formalan \u0161to zna\u010di da nije orijentiran na cilj (kao \u0161to je to npr. scenski nastup kod formalnih programa) ve\u0107 je usmjeren na glazbeno iskustvo, na izlo\u017eenost glazbi i glazbenim elementima kroz igru i zabavu u svrhu podr\u0161ke ve\u0107 uro\u0111enom glazbenom potencijalu svakog djeteta.<\/p>\n\n\n\n<p>Radionice se provode kroz <strong>tri ciklusa<\/strong> \u2013 jesenski, zimski i proljetni, kroz cijelu godinu. Program traje 3 godine kroz koje se obradi 9 glazbenih kolekcija. Svaka kolekcija sadr\u017ei 25 pjesama.<\/p>\n\n\n\n<p>Jedan <strong>ciklus traje 10 tjedana<\/strong> (jedan <strong>sat tjedno<\/strong> u trajanju od <strong>45 minuta<\/strong>). Postoji i ljetni, neformalni, kra\u0107i ciklus koji traje do 6 tjedana (jedan do dva sata tjedno) i njegova je specifi\u010dnost \u0161to se odr\u017eava u prirodi ukoliko nam to vremenski uvjeti dopuste.<\/p>\n\n\n\n<p>Uklju\u010diti se mo\u017eete bilo kada tijekom godine jer ciklusi nisu povezani.<\/p>\n\n\n<div class=\"wp-block-image img-friend if-right\">\n<figure class=\"aligncenter size-large is-resized\"><img loading=\"lazy\" decoding=\"async\" width=\"1024\" height=\"561\" src=\"https:\/\/www.musictogetherbyana.com\/wp-content\/uploads\/2024\/03\/MT-Friends-Group-06_WHITE-1024x561.png\" alt=\"\" class=\"wp-image-1204\" style=\"width:300px\" srcset=\"https:\/\/www.musictogetherbyana.com\/wp-content\/uploads\/2024\/03\/MT-Friends-Group-06_WHITE-1024x561.png 1024w, https:\/\/www.musictogetherbyana.com\/wp-content\/uploads\/2024\/03\/MT-Friends-Group-06_WHITE-300x164.png 300w, https:\/\/www.musictogetherbyana.com\/wp-content\/uploads\/2024\/03\/MT-Friends-Group-06_WHITE-768x421.png 768w, https:\/\/www.musictogetherbyana.com\/wp-content\/uploads\/2024\/03\/MT-Friends-Group-06_WHITE-18x10.png 18w, https:\/\/www.musictogetherbyana.com\/wp-content\/uploads\/2024\/03\/MT-Friends-Group-06_WHITE.png 1080w\" sizes=\"(max-width: 1024px) 100vw, 1024px\" \/><\/figure><\/div><\/div><\/div>\n\n\n\n<div class=\"wp-block-group page-group pg-purple-medium\"><div class=\"wp-block-group__inner-container is-layout-constrained wp-block-group-is-layout-constrained\">\n<h2 class=\"wp-block-heading\">Mje\u0161ovite skupine<\/h2>\n\n\n\n<p>U mje\u0161ovitim skupinama (djeca od 0 do 5 godina starosti), bebe, mali\u0161ani, pred\u0161kolarci i njihovi roditelji, skrbnici, bake ili dede, uklju\u010deni su u radionicu. &nbsp;Vo\u0111eni su kroz glazbene aktivnosti koje uklju\u010duju<strong> pjevanje<\/strong>, <strong>brojalice<\/strong>, <strong>pokret<\/strong>, <strong>glazbenu improvizaciju<\/strong> te <strong>muziciranje<\/strong> kroz igru na dobno primjerenim instrumentima.<\/p>\n\n\n\n<p>Ponijet \u0107ete ku\u0107i nagra\u0111ivanu glazbu koju obra\u0111ujemo na ciklusu, zajedno s ilustriranom pjesmaricom i drugim resursima. Dok otkrivate nove na\u010dine igre uz glazbu tijekom cijelog tjedna, podr\u017eavate glazbeni razvoj i op\u0107i razvoj svog djeteta &#8211; \u010dak i ako ne smatrate da ste sjajan pjeva\u010d ili plesa\u010d.<\/p>\n\n\n\n<p>U ovim radionicama svatko sudjeluje na svojoj razini: bebe vokaliziraju, slu\u0161aju i promatraju; mali\u0161ani se igraju i eksperimentiraju; pred\u0161kolarci stje\u010du samopouzdanje dok se isti\u010du kao vo\u0111e u u\u010dionici.<\/p>\n\n\n<div class=\"wp-block-image img-friend if-left\">\n<figure class=\"aligncenter size-large is-resized\"><img loading=\"lazy\" decoding=\"async\" width=\"1024\" height=\"1024\" src=\"https:\/\/www.musictogetherbyana.com\/wp-content\/uploads\/2024\/03\/MT-Friends-Group-01_WHITE-1024x1024.png\" alt=\"\" class=\"wp-image-1194\" style=\"width:300px\" srcset=\"https:\/\/www.musictogetherbyana.com\/wp-content\/uploads\/2024\/03\/MT-Friends-Group-01_WHITE-1024x1024.png 1024w, https:\/\/www.musictogetherbyana.com\/wp-content\/uploads\/2024\/03\/MT-Friends-Group-01_WHITE-300x300.png 300w, https:\/\/www.musictogetherbyana.com\/wp-content\/uploads\/2024\/03\/MT-Friends-Group-01_WHITE-150x150.png 150w, https:\/\/www.musictogetherbyana.com\/wp-content\/uploads\/2024\/03\/MT-Friends-Group-01_WHITE-768x768.png 768w, https:\/\/www.musictogetherbyana.com\/wp-content\/uploads\/2024\/03\/MT-Friends-Group-01_WHITE-12x12.png 12w, https:\/\/www.musictogetherbyana.com\/wp-content\/uploads\/2024\/03\/MT-Friends-Group-01_WHITE-75x75.png 75w, https:\/\/www.musictogetherbyana.com\/wp-content\/uploads\/2024\/03\/MT-Friends-Group-01_WHITE.png 1080w\" sizes=\"(max-width: 1024px) 100vw, 1024px\" \/><\/figure><\/div><\/div><\/div>","protected":false},"excerpt":{"rendered":"<p>Music Together\u00ae radionice Djeca svih dobnih skupina, od beba do pred\u0161kolaraca, vole Music Together\u00ae! Na\u0161e glazbene radionice podr\u017eavaju svako dijete, bez obzira na njihov stil u\u010denja ili stadij razvoja. Svaka uklju\u010duje mnogo glazbenih aktivnosti, posebno stvorenih i dobno prilago\u0111enih maloj djeci. Program Music Together nije formalan \u0161to zna\u010di da nije orijentiran na cilj (kao \u0161to je to npr. scenski nastup kod formalnih programa) ve\u0107 je usmjeren na glazbeno iskustvo, na izlo\u017eenost glazbi i glazbenim elementima kroz igru i zabavu u svrhu podr\u0161ke ve\u0107 uro\u0111enom glazbenom potencijalu svakog djeteta. Radionice se provode kroz tri ciklusa \u2013 jesenski, zimski i proljetni, kroz cijelu godinu. Program traje 3 godine kroz koje se obradi 9 glazbenih kolekcija. Svaka kolekcija sadr\u017ei 25 pjesama. Jedan ciklus traje 10 tjedana (jedan sat tjedno u trajanju od 45 minuta). Postoji i ljetni, neformalni, kra\u0107i ciklus koji traje do 6 tjedana (jedan do dva sata tjedno) i njegova je specifi\u010dnost \u0161to se odr\u017eava u prirodi ukoliko nam to vremenski uvjeti dopuste. Uklju\u010diti se mo\u017eete bilo kada tijekom godine jer ciklusi nisu povezani. Mje\u0161ovite skupine U mje\u0161ovitim skupinama (djeca od 0 do 5 godina starosti), bebe, mali\u0161ani, pred\u0161kolarci i njihovi roditelji, skrbnici, bake ili dede, uklju\u010deni su u radionicu. &nbsp;Vo\u0111eni su kroz glazbene aktivnosti koje uklju\u010duju pjevanje, brojalice, pokret, glazbenu improvizaciju te muziciranje kroz igru na dobno primjerenim instrumentima. Ponijet \u0107ete ku\u0107i nagra\u0111ivanu glazbu koju obra\u0111ujemo na ciklusu, zajedno s ilustriranom pjesmaricom i drugim resursima. Dok otkrivate nove na\u010dine igre uz glazbu tijekom cijelog tjedna, podr\u017eavate glazbeni razvoj i op\u0107i razvoj svog djeteta &#8211; \u010dak i ako ne smatrate da ste sjajan pjeva\u010d ili plesa\u010d. U ovim radionicama svatko sudjeluje na svojoj razini: bebe vokaliziraju, slu\u0161aju i promatraju; mali\u0161ani se igraju i eksperimentiraju; pred\u0161kolarci stje\u010du samopouzdanje dok se isti\u010du kao vo\u0111e u u\u010dionici.<\/p>","protected":false},"author":1,"featured_media":0,"parent":0,"menu_order":0,"comment_status":"closed","ping_status":"closed","template":"","meta":{"om_disable_all_campaigns":false,"_monsterinsights_skip_tracking":false,"_monsterinsights_sitenote_active":false,"_monsterinsights_sitenote_note":"","_monsterinsights_sitenote_category":0,"_uf_show_specific_survey":0,"_uf_disable_surveys":false,"footnotes":""},"class_list":["post-743","page","type-page","status-publish","hentry"],"aioseo_notices":[],"acf":[],"_links":{"self":[{"href":"https:\/\/www.musictogetherbyana.com\/en\/wp-json\/wp\/v2\/pages\/743"}],"collection":[{"href":"https:\/\/www.musictogetherbyana.com\/en\/wp-json\/wp\/v2\/pages"}],"about":[{"href":"https:\/\/www.musictogetherbyana.com\/en\/wp-json\/wp\/v2\/types\/page"}],"author":[{"embeddable":true,"href":"https:\/\/www.musictogetherbyana.com\/en\/wp-json\/wp\/v2\/users\/1"}],"replies":[{"embeddable":true,"href":"https:\/\/www.musictogetherbyana.com\/en\/wp-json\/wp\/v2\/comments?post=743"}],"version-history":[{"count":50,"href":"https:\/\/www.musictogetherbyana.com\/en\/wp-json\/wp\/v2\/pages\/743\/revisions"}],"predecessor-version":[{"id":1365,"href":"https:\/\/www.musictogetherbyana.com\/en\/wp-json\/wp\/v2\/pages\/743\/revisions\/1365"}],"wp:attachment":[{"href":"https:\/\/www.musictogetherbyana.com\/en\/wp-json\/wp\/v2\/media?parent=743"}],"curies":[{"name":"wp","href":"https:\/\/api.w.org\/{rel}","templated":true}]}}