{"id":79,"date":"2024-03-11T12:41:00","date_gmt":"2024-03-11T12:41:00","guid":{"rendered":"https:\/\/musictogetherbyana.com\/?page_id=79"},"modified":"2025-01-09T21:19:17","modified_gmt":"2025-01-09T21:19:17","slug":"o-meni","status":"publish","type":"page","link":"https:\/\/www.musictogetherbyana.com\/en\/o-meni\/","title":{"rendered":"O meni"},"content":{"rendered":"<div class=\"wp-block-group page-group pg-teal-dark\"><div class=\"wp-block-group__inner-container is-layout-constrained wp-block-group-is-layout-constrained\">\n<div class=\"wp-block-columns is-layout-flex wp-container-core-columns-is-layout-1 wp-block-columns-is-layout-flex\">\n<div class=\"wp-block-column is-vertically-aligned-center is-layout-flow wp-block-column-is-layout-flow\"><div class=\"wp-block-image is-style-default img-rounded\">\n<figure class=\"aligncenter size-large is-resized\"><img loading=\"lazy\" decoding=\"async\" width=\"905\" height=\"1024\" src=\"https:\/\/musictogetherbyana.com\/wp-content\/uploads\/2024\/03\/ana-905x1024.jpg\" alt=\"\" class=\"wp-image-222\" style=\"width:300px\" srcset=\"https:\/\/www.musictogetherbyana.com\/wp-content\/uploads\/2024\/03\/ana-905x1024.jpg 905w, https:\/\/www.musictogetherbyana.com\/wp-content\/uploads\/2024\/03\/ana-265x300.jpg 265w, https:\/\/www.musictogetherbyana.com\/wp-content\/uploads\/2024\/03\/ana-768x869.jpg 768w, https:\/\/www.musictogetherbyana.com\/wp-content\/uploads\/2024\/03\/ana-11x12.jpg 11w, https:\/\/www.musictogetherbyana.com\/wp-content\/uploads\/2024\/03\/ana.jpg 1002w\" sizes=\"(max-width: 905px) 100vw, 905px\" \/><\/figure><\/div><\/div>\n\n\n\n<div class=\"wp-block-column is-vertically-aligned-center is-layout-flow wp-block-column-is-layout-flow\">\n<p>Dobrodo\u0161li na moju web stranicu!<\/p>\n\n\n\n<p>Ja sam Ana &#8211; glazbenica, profesorica flaute i savjetodavna terapeutkinja. Svoju ljubav prema glazbi i pedagogiji prenosim na djecu kroz kreativne i interaktivne aktivnosti koje uklju\u010duju pokret, ples, sviranje i igru.<\/p>\n\n\n\n<p>Kao dugogodi\u0161nja profesorica flaute, donosim bogato znanje i vje\u0161tine koje mogu doprinijeti razvoju glazbenog potencijala va\u0161eg djeteta. No, moja strast se ne zaustavlja samo na sviranju instrumenta &#8211; kao u\u010diteljica programa Music Together<sup>\u00ae<\/sup>, prona\u0161la sam inspiraciju u neformalnoj glazbenoj edukaciji djece, posebno jer su u rad uklju\u010deni i roditelji. Vjerujem da je sudjelovanje roditelja klju\u010dno za stvaranje nezaboravnih trenutaka povezivanja i zajedni\u0161tva u obitelji.<\/p>\n<\/div>\n<\/div>\n\n\n<div class=\"wp-block-image img-friend if-right\">\n<figure class=\"aligncenter size-large is-resized\"><img loading=\"lazy\" decoding=\"async\" width=\"1024\" height=\"991\" src=\"https:\/\/www.musictogetherbyana.com\/wp-content\/uploads\/2024\/03\/MT-Friends-Group-05_WHITE-1024x991.png\" alt=\"\" class=\"wp-image-1202\" style=\"width:300px\" srcset=\"https:\/\/www.musictogetherbyana.com\/wp-content\/uploads\/2024\/03\/MT-Friends-Group-05_WHITE-1024x991.png 1024w, https:\/\/www.musictogetherbyana.com\/wp-content\/uploads\/2024\/03\/MT-Friends-Group-05_WHITE-300x290.png 300w, https:\/\/www.musictogetherbyana.com\/wp-content\/uploads\/2024\/03\/MT-Friends-Group-05_WHITE-768x743.png 768w, https:\/\/www.musictogetherbyana.com\/wp-content\/uploads\/2024\/03\/MT-Friends-Group-05_WHITE-12x12.png 12w, https:\/\/www.musictogetherbyana.com\/wp-content\/uploads\/2024\/03\/MT-Friends-Group-05_WHITE.png 1080w\" sizes=\"(max-width: 1024px) 100vw, 1024px\" \/><\/figure><\/div><\/div><\/div>\n\n\n\n<div class=\"wp-block-group page-group pg-red-medium\"><div class=\"wp-block-group__inner-container is-layout-constrained wp-block-group-is-layout-constrained\">\n<div class=\"wp-block-columns is-layout-flex wp-container-core-columns-is-layout-2 wp-block-columns-is-layout-flex\">\n<div class=\"wp-block-column is-vertically-aligned-center is-layout-flow wp-block-column-is-layout-flow\">\n<p>Satovi Music Together<sup>\u00ae<\/sup> programa ispunjeni su smijehom djece koja se zabavljaju s roditeljima, u\u010de\u0107i i istra\u017euju\u0107i glazbu zajedno. <\/p>\n\n\n\n<p>Osim glazbenog u\u010denja, pru\u017eam i podr\u0161ku odraslima kroz psihoterapijsko savjetovanje, koriste\u0107i tjelesno-orijentiranu metodu psihoterapije, psihodramu i artekspresivnu metodu.<\/p>\n<\/div>\n\n\n\n<div class=\"wp-block-column is-vertically-aligned-center is-layout-flow wp-block-column-is-layout-flow\"><div class=\"wp-block-image img-rounded\">\n<figure class=\"aligncenter size-large\"><img loading=\"lazy\" decoding=\"async\" width=\"1024\" height=\"684\" src=\"https:\/\/www.musictogetherbyana.com\/wp-content\/uploads\/2024\/03\/MT-ClassroomPhoto-33-web-1024x684.jpg\" alt=\"\" class=\"wp-image-844\" srcset=\"https:\/\/www.musictogetherbyana.com\/wp-content\/uploads\/2024\/03\/MT-ClassroomPhoto-33-web-1024x684.jpg 1024w, https:\/\/www.musictogetherbyana.com\/wp-content\/uploads\/2024\/03\/MT-ClassroomPhoto-33-web-300x200.jpg 300w, https:\/\/www.musictogetherbyana.com\/wp-content\/uploads\/2024\/03\/MT-ClassroomPhoto-33-web-768x513.jpg 768w, https:\/\/www.musictogetherbyana.com\/wp-content\/uploads\/2024\/03\/MT-ClassroomPhoto-33-web-1536x1027.jpg 1536w, https:\/\/www.musictogetherbyana.com\/wp-content\/uploads\/2024\/03\/MT-ClassroomPhoto-33-web-18x12.jpg 18w, https:\/\/www.musictogetherbyana.com\/wp-content\/uploads\/2024\/03\/MT-ClassroomPhoto-33-web-1140x762.jpg 1140w, https:\/\/www.musictogetherbyana.com\/wp-content\/uploads\/2024\/03\/MT-ClassroomPhoto-33-web.jpg 1619w\" sizes=\"(max-width: 1024px) 100vw, 1024px\" \/><\/figure><\/div><\/div>\n<\/div>\n\n\n<div class=\"wp-block-image img-friend if-left\">\n<figure class=\"aligncenter size-large is-resized\"><img loading=\"lazy\" decoding=\"async\" width=\"1024\" height=\"1024\" src=\"https:\/\/www.musictogetherbyana.com\/wp-content\/uploads\/2024\/03\/MT-Friends-Group-04_WHITE-1024x1024.png\" alt=\"\" class=\"wp-image-1200\" style=\"width:301px\" srcset=\"https:\/\/www.musictogetherbyana.com\/wp-content\/uploads\/2024\/03\/MT-Friends-Group-04_WHITE-1024x1024.png 1024w, https:\/\/www.musictogetherbyana.com\/wp-content\/uploads\/2024\/03\/MT-Friends-Group-04_WHITE-300x300.png 300w, https:\/\/www.musictogetherbyana.com\/wp-content\/uploads\/2024\/03\/MT-Friends-Group-04_WHITE-150x150.png 150w, https:\/\/www.musictogetherbyana.com\/wp-content\/uploads\/2024\/03\/MT-Friends-Group-04_WHITE-768x768.png 768w, https:\/\/www.musictogetherbyana.com\/wp-content\/uploads\/2024\/03\/MT-Friends-Group-04_WHITE-12x12.png 12w, https:\/\/www.musictogetherbyana.com\/wp-content\/uploads\/2024\/03\/MT-Friends-Group-04_WHITE-75x75.png 75w, https:\/\/www.musictogetherbyana.com\/wp-content\/uploads\/2024\/03\/MT-Friends-Group-04_WHITE.png 1080w\" sizes=\"(max-width: 1024px) 100vw, 1024px\" \/><\/figure><\/div><\/div><\/div>\n\n\n\n<div class=\"wp-block-group page-group pg-red\"><div class=\"wp-block-group__inner-container is-layout-constrained wp-block-group-is-layout-constrained\">\n<div class=\"wp-block-columns is-layout-flex wp-container-core-columns-is-layout-3 wp-block-columns-is-layout-flex\">\n<div class=\"wp-block-column is-vertically-aligned-center is-layout-flow wp-block-column-is-layout-flow\"><div class=\"wp-block-image\">\n<figure class=\"aligncenter size-large is-resized\"><img loading=\"lazy\" decoding=\"async\" width=\"1024\" height=\"1024\" src=\"https:\/\/www.musictogetherbyana.com\/wp-content\/uploads\/2024\/03\/HelloEverybody-PhraseSmile_LightRed-screen-1024x1024.png\" alt=\"\" class=\"wp-image-850\" style=\"width:300px\" srcset=\"https:\/\/www.musictogetherbyana.com\/wp-content\/uploads\/2024\/03\/HelloEverybody-PhraseSmile_LightRed-screen-1024x1024.png 1024w, https:\/\/www.musictogetherbyana.com\/wp-content\/uploads\/2024\/03\/HelloEverybody-PhraseSmile_LightRed-screen-300x300.png 300w, https:\/\/www.musictogetherbyana.com\/wp-content\/uploads\/2024\/03\/HelloEverybody-PhraseSmile_LightRed-screen-150x150.png 150w, https:\/\/www.musictogetherbyana.com\/wp-content\/uploads\/2024\/03\/HelloEverybody-PhraseSmile_LightRed-screen-768x768.png 768w, https:\/\/www.musictogetherbyana.com\/wp-content\/uploads\/2024\/03\/HelloEverybody-PhraseSmile_LightRed-screen-12x12.png 12w, https:\/\/www.musictogetherbyana.com\/wp-content\/uploads\/2024\/03\/HelloEverybody-PhraseSmile_LightRed-screen-75x75.png 75w, https:\/\/www.musictogetherbyana.com\/wp-content\/uploads\/2024\/03\/HelloEverybody-PhraseSmile_LightRed-screen.png 1080w\" sizes=\"(max-width: 1024px) 100vw, 1024px\" \/><\/figure><\/div><\/div>\n\n\n\n<div class=\"wp-block-column is-vertically-aligned-center is-layout-flow wp-block-column-is-layout-flow\">\n<p>Radujem se \u0161to \u0107u vam pomo\u0107i otkriti radost glazbe i podr\u017eati va\u0161e dijete na putu rasta i razvoja.<\/p>\n\n\n\n<p>Hvala vam \u0161to ste posjetili moju web stranicu. Slobodno me kontaktirajte ako imate bilo kakvih pitanja ili \u017eelite saznati vi\u0161e o mom radu.<\/p>\n<\/div>\n<\/div>\n\n\n<div class=\"wp-block-image img-friend if-right\">\n<figure class=\"aligncenter size-large is-resized\"><img loading=\"lazy\" decoding=\"async\" width=\"1024\" height=\"1024\" src=\"https:\/\/www.musictogetherbyana.com\/wp-content\/uploads\/2024\/03\/MT-Friends-Group-02_WHITE-1024x1024.png\" alt=\"\" class=\"wp-image-1196\" style=\"width:300px\" srcset=\"https:\/\/www.musictogetherbyana.com\/wp-content\/uploads\/2024\/03\/MT-Friends-Group-02_WHITE-1024x1024.png 1024w, https:\/\/www.musictogetherbyana.com\/wp-content\/uploads\/2024\/03\/MT-Friends-Group-02_WHITE-300x300.png 300w, https:\/\/www.musictogetherbyana.com\/wp-content\/uploads\/2024\/03\/MT-Friends-Group-02_WHITE-150x150.png 150w, https:\/\/www.musictogetherbyana.com\/wp-content\/uploads\/2024\/03\/MT-Friends-Group-02_WHITE-768x768.png 768w, https:\/\/www.musictogetherbyana.com\/wp-content\/uploads\/2024\/03\/MT-Friends-Group-02_WHITE-12x12.png 12w, https:\/\/www.musictogetherbyana.com\/wp-content\/uploads\/2024\/03\/MT-Friends-Group-02_WHITE-75x75.png 75w, https:\/\/www.musictogetherbyana.com\/wp-content\/uploads\/2024\/03\/MT-Friends-Group-02_WHITE.png 1080w\" sizes=\"(max-width: 1024px) 100vw, 1024px\" \/><\/figure><\/div><\/div><\/div>","protected":false},"excerpt":{"rendered":"<p>Dobrodo\u0161li na moju web stranicu! Ja sam Ana &#8211; glazbenica, profesorica flaute i savjetodavna terapeutkinja. Svoju ljubav prema glazbi i pedagogiji prenosim na djecu kroz kreativne i interaktivne aktivnosti koje uklju\u010duju pokret, ples, sviranje i igru. Kao dugogodi\u0161nja profesorica flaute, donosim bogato znanje i vje\u0161tine koje mogu doprinijeti razvoju glazbenog potencijala va\u0161eg djeteta. No, moja strast se ne zaustavlja samo na sviranju instrumenta &#8211; kao u\u010diteljica programa Music Together\u00ae, prona\u0161la sam inspiraciju u neformalnoj glazbenoj edukaciji djece, posebno jer su u rad uklju\u010deni i roditelji. Vjerujem da je sudjelovanje roditelja klju\u010dno za stvaranje nezaboravnih trenutaka povezivanja i zajedni\u0161tva u obitelji. Satovi Music Together\u00ae programa ispunjeni su smijehom djece koja se zabavljaju s roditeljima, u\u010de\u0107i i istra\u017euju\u0107i glazbu zajedno. Osim glazbenog u\u010denja, pru\u017eam i podr\u0161ku odraslima kroz psihoterapijsko savjetovanje, koriste\u0107i tjelesno-orijentiranu metodu psihoterapije, psihodramu i artekspresivnu metodu. Radujem se \u0161to \u0107u vam pomo\u0107i otkriti radost glazbe i podr\u017eati va\u0161e dijete na putu rasta i razvoja. Hvala vam \u0161to ste posjetili moju web stranicu. Slobodno me kontaktirajte ako imate bilo kakvih pitanja ili \u017eelite saznati vi\u0161e o mom radu.<\/p>","protected":false},"author":1,"featured_media":0,"parent":0,"menu_order":0,"comment_status":"closed","ping_status":"closed","template":"","meta":{"om_disable_all_campaigns":false,"_monsterinsights_skip_tracking":false,"_monsterinsights_sitenote_active":false,"_monsterinsights_sitenote_note":"","_monsterinsights_sitenote_category":0,"_uf_show_specific_survey":0,"_uf_disable_surveys":false,"footnotes":""},"class_list":["post-79","page","type-page","status-publish","hentry"],"aioseo_notices":[],"acf":[],"_links":{"self":[{"href":"https:\/\/www.musictogetherbyana.com\/en\/wp-json\/wp\/v2\/pages\/79"}],"collection":[{"href":"https:\/\/www.musictogetherbyana.com\/en\/wp-json\/wp\/v2\/pages"}],"about":[{"href":"https:\/\/www.musictogetherbyana.com\/en\/wp-json\/wp\/v2\/types\/page"}],"author":[{"embeddable":true,"href":"https:\/\/www.musictogetherbyana.com\/en\/wp-json\/wp\/v2\/users\/1"}],"replies":[{"embeddable":true,"href":"https:\/\/www.musictogetherbyana.com\/en\/wp-json\/wp\/v2\/comments?post=79"}],"version-history":[{"count":95,"href":"https:\/\/www.musictogetherbyana.com\/en\/wp-json\/wp\/v2\/pages\/79\/revisions"}],"predecessor-version":[{"id":1615,"href":"https:\/\/www.musictogetherbyana.com\/en\/wp-json\/wp\/v2\/pages\/79\/revisions\/1615"}],"wp:attachment":[{"href":"https:\/\/www.musictogetherbyana.com\/en\/wp-json\/wp\/v2\/media?parent=79"}],"curies":[{"name":"wp","href":"https:\/\/api.w.org\/{rel}","templated":true}]}}