{"id":815,"date":"2024-03-25T17:08:30","date_gmt":"2024-03-25T17:08:30","guid":{"rendered":"https:\/\/www.musictogetherbyana.com\/?page_id=815"},"modified":"2024-04-21T18:43:39","modified_gmt":"2024-04-21T18:43:39","slug":"pravila-privatnosti","status":"publish","type":"page","link":"https:\/\/www.musictogetherbyana.com\/en\/pravila-privatnosti\/","title":{"rendered":"Pravila privatnosti"},"content":{"rendered":"<div class=\"wp-block-group page-group pg-formal\"><div class=\"wp-block-group__inner-container is-layout-constrained wp-block-group-is-layout-constrained\">\n<h1 class=\"wp-block-heading\">Obavijest o za\u0161titi privatnosti za prijavu na ogledni sat<\/h1>\n\n\n\n<h3 class=\"wp-block-heading\"><strong>1. <\/strong>Uvod<\/h3>\n\n\n\n<p>Music Together<sup>\u00ae<\/sup> by Ana (u daljnjem tekstu \u201emi\u201c) posve\u0107ena je za\u0161titi privatnosti svih na\u0161ih korisnika. Ova obavijest obja\u0161njava kako prikupljamo, koristimo i \u0161titimo va\u0161e osobne podatke kada se prijavite za ogledni sat putem na\u0161e web stranice.<\/p>\n\n\n\n<h3 class=\"wp-block-heading\">2. Koje podatke prikupljamo?<\/h3>\n\n\n\n<p>Za prijavu na ogledni sat, od vas tra\u017eimo da nam pru\u017eite sljede\u0107e informacije:<\/p>\n\n\n\n<ul class=\"wp-block-list\">\n<li>Ime i prezime (roditelj\/skrbnik)<\/li>\n\n\n\n<li>Ime i dob djeteta<\/li>\n\n\n\n<li>Elektroni\u010dka po\u0161ta<\/li>\n\n\n\n<li>Broj mobitela<\/li>\n<\/ul>\n\n\n\n<h3 class=\"wp-block-heading\">3. Kako koristimo va\u0161e podatke?<\/h3>\n\n\n\n<p>Va\u0161e podatke koristimo isklju\u010divo u svrhu organiziranja i komunikacije vezane uz ogledni sat za koji se prijavljujete. To uklju\u010duje slanje potvrda o prijavi, informacija o datumu i vremenu oglednog sata te drugih relevantnih obavijesti vezanih za ogledni sat i nadolaze\u0107i semestar.<\/p>\n\n\n\n<h3 class=\"wp-block-heading\">4. Pravna osnova za obradu<\/h3>\n\n\n\n<p>Obrada va\u0161ih osobnih podataka temelji se na va\u0161oj privoli koju dajete prijavom na ogledni sat.<\/p>\n\n\n\n<h3 class=\"wp-block-heading\">5. Kome otkrivamo va\u0161e podatke?<\/h3>\n\n\n\n<p>Va\u0161i osobni podaci ne\u0107e biti dijeljeni s tre\u0107im stranama osim u slu\u010dajevima kada to zahtijeva zakon.<\/p>\n\n\n\n<h3 class=\"wp-block-heading\">6. Koliko dugo \u010duvamo va\u0161e podatke?<\/h3>\n\n\n\n<p>Va\u0161e podatke \u010duvamo samo onoliko koliko je potrebno za ispunjenje svrhe za koju su prikupljeni, a nakon toga \u0107e biti sigurno izbrisani.<\/p>\n\n\n\n<h3 class=\"wp-block-heading\">7. Va\u0161a prava<\/h3>\n\n\n\n<p>Imate pravo zatra\u017eiti pristup svojim osobnim podacima, ispravak, brisanje (\u201epravo na zaborav\u201c), ograni\u010denje obrade te pravo na prijenos podataka. Tako\u0111er, mo\u017eete povu\u0107i svoju privolu u bilo kojem trenutku, \u0161to ne\u0107e utjecati na zakonitost obrade prije povla\u010denja privole.<\/p>\n\n\n\n<h3 class=\"wp-block-heading\">8. Kontakt<\/h3>\n\n\n\n<p>Za sva pitanja vezana za va\u0161e podatke ili za ostvarivanje svojih prava, mo\u017eete nas kontaktirati na: <a href=\"mailto:musictogetherbyana@gmail.com\">musictogetherbyana@gmail.com<\/a>.<\/p>\n\n\n\n<h3 class=\"wp-block-heading\">9. Promjene obavijesti o za\u0161titi privatnosti<\/h3>\n\n\n\n<p>Zadr\u017eavamo pravo na a\u017euriranje ove obavijesti o za\u0161titi privatnosti u bilo kojem trenutku. Promjene \u0107e biti objavljene na na\u0161oj web stranici.<\/p>\n<\/div><\/div>","protected":false},"excerpt":{"rendered":"<p>Obavijest o za\u0161titi privatnosti za prijavu na ogledni sat 1. Uvod Music Together\u00ae by Ana (u daljnjem tekstu \u201emi\u201c) posve\u0107ena je za\u0161titi privatnosti svih na\u0161ih korisnika. Ova obavijest obja\u0161njava kako prikupljamo, koristimo i \u0161titimo va\u0161e osobne podatke kada se prijavite za ogledni sat putem na\u0161e web stranice. 2. Koje podatke prikupljamo? Za prijavu na ogledni sat, od vas tra\u017eimo da nam pru\u017eite sljede\u0107e informacije: 3. Kako koristimo va\u0161e podatke? Va\u0161e podatke koristimo isklju\u010divo u svrhu organiziranja i komunikacije vezane uz ogledni sat za koji se prijavljujete. To uklju\u010duje slanje potvrda o prijavi, informacija o datumu i vremenu oglednog sata te drugih relevantnih obavijesti vezanih za ogledni sat i nadolaze\u0107i semestar. 4. Pravna osnova za obradu Obrada va\u0161ih osobnih podataka temelji se na va\u0161oj privoli koju dajete prijavom na ogledni sat. 5. Kome otkrivamo va\u0161e podatke? Va\u0161i osobni podaci ne\u0107e biti dijeljeni s tre\u0107im stranama osim u slu\u010dajevima kada to zahtijeva zakon. 6. Koliko dugo \u010duvamo va\u0161e podatke? Va\u0161e podatke \u010duvamo samo onoliko koliko je potrebno za ispunjenje svrhe za koju su prikupljeni, a nakon toga \u0107e biti sigurno izbrisani. 7. Va\u0161a prava Imate pravo zatra\u017eiti pristup svojim osobnim podacima, ispravak, brisanje (\u201epravo na zaborav\u201c), ograni\u010denje obrade te pravo na prijenos podataka. Tako\u0111er, mo\u017eete povu\u0107i svoju privolu u bilo kojem trenutku, \u0161to ne\u0107e utjecati na zakonitost obrade prije povla\u010denja privole. 8. Kontakt Za sva pitanja vezana za va\u0161e podatke ili za ostvarivanje svojih prava, mo\u017eete nas kontaktirati na: musictogetherbyana@gmail.com. 9. Promjene obavijesti o za\u0161titi privatnosti Zadr\u017eavamo pravo na a\u017euriranje ove obavijesti o za\u0161titi privatnosti u bilo kojem trenutku. Promjene \u0107e biti objavljene na na\u0161oj web stranici.<\/p>","protected":false},"author":1,"featured_media":0,"parent":0,"menu_order":0,"comment_status":"closed","ping_status":"closed","template":"","meta":{"om_disable_all_campaigns":false,"_monsterinsights_skip_tracking":false,"_monsterinsights_sitenote_active":false,"_monsterinsights_sitenote_note":"","_monsterinsights_sitenote_category":0,"_uf_show_specific_survey":0,"_uf_disable_surveys":false,"footnotes":""},"class_list":["post-815","page","type-page","status-publish","hentry"],"aioseo_notices":[],"acf":[],"_links":{"self":[{"href":"https:\/\/www.musictogetherbyana.com\/en\/wp-json\/wp\/v2\/pages\/815"}],"collection":[{"href":"https:\/\/www.musictogetherbyana.com\/en\/wp-json\/wp\/v2\/pages"}],"about":[{"href":"https:\/\/www.musictogetherbyana.com\/en\/wp-json\/wp\/v2\/types\/page"}],"author":[{"embeddable":true,"href":"https:\/\/www.musictogetherbyana.com\/en\/wp-json\/wp\/v2\/users\/1"}],"replies":[{"embeddable":true,"href":"https:\/\/www.musictogetherbyana.com\/en\/wp-json\/wp\/v2\/comments?post=815"}],"version-history":[{"count":21,"href":"https:\/\/www.musictogetherbyana.com\/en\/wp-json\/wp\/v2\/pages\/815\/revisions"}],"predecessor-version":[{"id":1377,"href":"https:\/\/www.musictogetherbyana.com\/en\/wp-json\/wp\/v2\/pages\/815\/revisions\/1377"}],"wp:attachment":[{"href":"https:\/\/www.musictogetherbyana.com\/en\/wp-json\/wp\/v2\/media?parent=815"}],"curies":[{"name":"wp","href":"https:\/\/api.w.org\/{rel}","templated":true}]}}