{"id":877,"date":"2024-03-25T20:28:45","date_gmt":"2024-03-25T20:28:45","guid":{"rendered":"https:\/\/www.musictogetherbyana.com\/?page_id=877"},"modified":"2025-04-22T19:38:09","modified_gmt":"2025-04-22T19:38:09","slug":"prijava","status":"publish","type":"page","link":"https:\/\/www.musictogetherbyana.com\/en\/prijava\/","title":{"rendered":"Prijava"},"content":{"rendered":"<div class=\"wp-block-group page-group pg-formal\"><div class=\"wp-block-group__inner-container is-layout-constrained wp-block-group-is-layout-constrained\">\n<h2 class=\"wp-block-heading\">Upisi u proljetni semestar 2025. &#8211; Music Together by Ana<\/h2>\n\n\n\n<div class=\"wp-block-columns is-layout-flex wp-container-core-columns-is-layout-1 wp-block-columns-is-layout-flex\">\n<div class=\"wp-block-column is-layout-flow wp-block-column-is-layout-flow\" style=\"flex-basis:66.66%\">\n<p>Dobrodo\u0161li u ljetni semestar Music Together<sup>\u00ae<\/sup> programa kod Ane! Ovaj semestar zapo\u010dinjemo 3. svibnja 2025.<\/p>\n\n\n\n<h2 class=\"wp-block-heading\">Za\u0161to se pridru\u017eiti?<\/h2>\n\n\n\n<ul class=\"wp-block-list\">\n<li><strong>Razvoj kroz glazbu i ples<\/strong>: Na\u0161 program je dizajniran da potakne muzikalni razvoj va\u0161eg djeteta u klju\u010dnim godinama rasta.<\/li>\n\n\n\n<li><strong>Zabava za cijelu obitelj<\/strong>: Satovi Music Together su prilika za kvalitetno provedeno vrijeme, gdje cijela obitelj mo\u017ee u\u017eivati i rasti zajedno.<\/li>\n\n\n\n<li><strong>Stru\u010dno vodstvo<\/strong>: Satove vodim ja, Ana, licencirana u\u010diteljica Music Together programa s godinama iskustva u radu s djecom.<\/li>\n<\/ul>\n<\/div>\n\n\n\n<div class=\"wp-block-column is-vertically-aligned-center is-layout-flow wp-block-column-is-layout-flow\" style=\"flex-basis:33.33%\"><div class=\"wp-block-image\">\n<figure class=\"aligncenter size-full is-resized\"><img loading=\"lazy\" decoding=\"async\" width=\"201\" height=\"201\" src=\"https:\/\/www.musictogetherbyana.com\/wp-content\/uploads\/2024\/03\/ClassesStartingSoon-SolidCircle-RED-web.png\" alt=\"\" class=\"wp-image-900\" style=\"width:201px;height:auto\" srcset=\"https:\/\/www.musictogetherbyana.com\/wp-content\/uploads\/2024\/03\/ClassesStartingSoon-SolidCircle-RED-web.png 201w, https:\/\/www.musictogetherbyana.com\/wp-content\/uploads\/2024\/03\/ClassesStartingSoon-SolidCircle-RED-web-150x150.png 150w, https:\/\/www.musictogetherbyana.com\/wp-content\/uploads\/2024\/03\/ClassesStartingSoon-SolidCircle-RED-web-12x12.png 12w, https:\/\/www.musictogetherbyana.com\/wp-content\/uploads\/2024\/03\/ClassesStartingSoon-SolidCircle-RED-web-75x75.png 75w\" sizes=\"(max-width: 201px) 100vw, 201px\" \/><\/figure><\/div><\/div>\n<\/div>\n\n\n\n<p>Satovi se odr\u017eavaju jednom tjedno u prostoru Glazbene \u0161kole Dugo Selo <a href=\"https:\/\/maps.app.goo.gl\/gx7M4K6tXhunqHfS6\" target=\"_blank\" rel=\"noreferrer noopener\">Zagreba\u010dka ulica 24, Dugo Selo<\/a>.<\/p>\n\n\n\n<div class=\"wp-block-buttons is-content-justification-center is-layout-flex wp-container-core-buttons-is-layout-1 wp-block-buttons-is-layout-flex\">\n<div class=\"wp-block-button\"><a class=\"wp-block-button__link wp-element-button\" href=\"https:\/\/www.musictogetherbyana.com\/en\/forma-proljetni-semestar-2025\/\">Prijava za semestar<\/a><\/div>\n<\/div>\n\n\n\n<figure class=\"wp-block-table music-together-schedule\"><table><thead><tr><th>Dan<\/th><th class=\"has-text-align-center\" data-align=\"center\">Jutarnji termini<\/th><th class=\"has-text-align-center\" data-align=\"center\">Popodnevni termini<\/th><\/tr><\/thead><tbody><tr><td>sub<\/td><td class=\"has-text-align-center\" data-align=\"center\">10:00 &#8211; 10:45<\/td><td class=\"has-text-align-center\" data-align=\"center\"><\/td><\/tr><\/tbody><\/table><\/figure>\n\n\n\n<p>Nemojte propustiti priliku da postanete dio na\u0161e glazbene obitelji. Veselimo se \u0161to \u0107emo zajedno stvarati, u\u010diti i rasti kroz glazbu!<\/p>\n\n\n\n<p>Za vi\u0161e informacija i upite, slobodno me kontaktirajte putem e-maila: <a href=\"mailto:musictogetherbyana@gmail.com\">musictogetherbyana@gmail.com<\/a>. Vidimo se ovo ljeto!<\/p>\n\n\n<div class=\"wp-block-image img-friend if-right\">\n<figure class=\"aligncenter size-large is-resized\"><img loading=\"lazy\" decoding=\"async\" width=\"1024\" height=\"761\" src=\"https:\/\/www.musictogetherbyana.com\/wp-content\/uploads\/2024\/03\/Friend-Flourish-04_PURPLE-screen-1-1024x761.png\" alt=\"\" class=\"wp-image-1187\" style=\"width:300px\" srcset=\"https:\/\/www.musictogetherbyana.com\/wp-content\/uploads\/2024\/03\/Friend-Flourish-04_PURPLE-screen-1-1024x761.png 1024w, https:\/\/www.musictogetherbyana.com\/wp-content\/uploads\/2024\/03\/Friend-Flourish-04_PURPLE-screen-1-300x223.png 300w, https:\/\/www.musictogetherbyana.com\/wp-content\/uploads\/2024\/03\/Friend-Flourish-04_PURPLE-screen-1-768x570.png 768w, https:\/\/www.musictogetherbyana.com\/wp-content\/uploads\/2024\/03\/Friend-Flourish-04_PURPLE-screen-1-16x12.png 16w, https:\/\/www.musictogetherbyana.com\/wp-content\/uploads\/2024\/03\/Friend-Flourish-04_PURPLE-screen-1.png 1081w\" sizes=\"(max-width: 1024px) 100vw, 1024px\" \/><\/figure><\/div><\/div><\/div>","protected":false},"excerpt":{"rendered":"<p>Upisi u proljetni semestar 2025. &#8211; Music Together by Ana Dobrodo\u0161li u ljetni semestar Music Together\u00ae programa kod Ane! Ovaj semestar zapo\u010dinjemo 3. svibnja 2025. Za\u0161to se pridru\u017eiti? Satovi se odr\u017eavaju jednom tjedno u prostoru Glazbene \u0161kole Dugo Selo Zagreba\u010dka ulica 24, Dugo Selo. Dan Jutarnji termini Popodnevni termini sub 10:00 &#8211; 10:45 Nemojte propustiti priliku da postanete dio na\u0161e glazbene obitelji. Veselimo se \u0161to \u0107emo zajedno stvarati, u\u010diti i rasti kroz glazbu! Za vi\u0161e informacija i upite, slobodno me kontaktirajte putem e-maila: musictogetherbyana@gmail.com. Vidimo se ovo ljeto!<\/p>","protected":false},"author":1,"featured_media":0,"parent":0,"menu_order":0,"comment_status":"closed","ping_status":"closed","template":"","meta":{"om_disable_all_campaigns":false,"_monsterinsights_skip_tracking":false,"_monsterinsights_sitenote_active":false,"_monsterinsights_sitenote_note":"","_monsterinsights_sitenote_category":0,"_uf_show_specific_survey":0,"_uf_disable_surveys":false,"footnotes":""},"class_list":["post-877","page","type-page","status-publish","hentry"],"aioseo_notices":[],"acf":[],"_links":{"self":[{"href":"https:\/\/www.musictogetherbyana.com\/en\/wp-json\/wp\/v2\/pages\/877"}],"collection":[{"href":"https:\/\/www.musictogetherbyana.com\/en\/wp-json\/wp\/v2\/pages"}],"about":[{"href":"https:\/\/www.musictogetherbyana.com\/en\/wp-json\/wp\/v2\/types\/page"}],"author":[{"embeddable":true,"href":"https:\/\/www.musictogetherbyana.com\/en\/wp-json\/wp\/v2\/users\/1"}],"replies":[{"embeddable":true,"href":"https:\/\/www.musictogetherbyana.com\/en\/wp-json\/wp\/v2\/comments?post=877"}],"version-history":[{"count":82,"href":"https:\/\/www.musictogetherbyana.com\/en\/wp-json\/wp\/v2\/pages\/877\/revisions"}],"predecessor-version":[{"id":1654,"href":"https:\/\/www.musictogetherbyana.com\/en\/wp-json\/wp\/v2\/pages\/877\/revisions\/1654"}],"wp:attachment":[{"href":"https:\/\/www.musictogetherbyana.com\/en\/wp-json\/wp\/v2\/media?parent=877"}],"curies":[{"name":"wp","href":"https:\/\/api.w.org\/{rel}","templated":true}]}}